{"id":2942,"date":"2020-10-15T06:59:21","date_gmt":"2020-10-15T06:59:21","guid":{"rendered":"https:\/\/coeco.cat\/avis-legal-i-politica-de-privacitat\/"},"modified":"2021-10-26T14:00:12","modified_gmt":"2021-10-26T13:00:12","slug":"avis-legal-i-politica-de-privacitat","status":"publish","type":"page","link":"https:\/\/coeco.cat\/es\/avis-legal-i-politica-de-privacitat\/","title":{"rendered":"Aviso legal y Pol\u00edtica de Privacidad"},"content":{"rendered":"<div class=\"fusion-fullwidth fullwidth-box fusion-builder-row-1 nonhundred-percent-fullwidth non-hundred-percent-height-scrolling\"  style='background-color: rgba(255,255,255,0);background-position: center center;background-repeat: no-repeat;padding-top:5%;padding-right:0px;padding-bottom:0px;padding-left:0px;'><div class=\"fusion-builder-row fusion-row \"><div  class=\"fusion-layout-column fusion_builder_column fusion_builder_column_1_1 fusion-builder-column-0 fusion-one-full fusion-column-first fusion-column-last 1_1\"  style='margin-top:0px;margin-bottom:0px;'><div class=\"fusion-column-wrapper\" style=\"padding: 0px 0px 0px 0px;background-position:left top;background-repeat:no-repeat;-webkit-background-size:cover;-moz-background-size:cover;-o-background-size:cover;background-size:cover;\"   data-bg-url=\"\"><div class=\"fusion-text\"><div class=\"fusion-text\">\n<p class=\"western\" align=\"justify\"><span style=\"font-size: small;\"><span lang=\"ca-ES\"><span style=\"vertical-align: inherit;\"><span style=\"vertical-align: inherit;\">El acceso al portal de <\/span><\/span><\/span><\/span><span style=\"font-size: small;\"><span lang=\"ca-ES\"><b><span style=\"vertical-align: inherit;\"><span style=\"vertical-align: inherit;\">COECO<\/span><\/span><\/b><\/span><\/span><span style=\"font-size: small;\"><span lang=\"ca-ES\"><span style=\"vertical-align: inherit;\"><span style=\"vertical-align: inherit;\"> ya la informaci\u00f3n relativa a cualquiera de los productos y servicios contenidos en el mismo comporta la aceptaci\u00f3n de las condiciones previstas en este aviso legal. <\/span><span style=\"vertical-align: inherit;\">Por este motivo, le recomendamos que lea atentamente su contenido si desea acceder y utilizar la informaci\u00f3n y los servicios que se ofrecen desde el portal de <\/span><\/span><\/span><\/span><span style=\"font-size: small;\"><span lang=\"ca-ES\"><b><span style=\"vertical-align: inherit;\"><span style=\"vertical-align: inherit;\">COECO<\/span><\/span><\/b><\/span><\/span><span style=\"font-size: small;\"><span lang=\"ca-ES\"><span style=\"vertical-align: inherit;\"><span style=\"vertical-align: inherit;\"> .<\/span><\/span><\/span><\/span><\/p>\n<p class=\"western\" align=\"justify\"><span style=\"font-size: small;\"><span lang=\"ca-ES\"><b><span style=\"vertical-align: inherit;\"><span style=\"vertical-align: inherit;\">Validez de la informaci\u00f3n<\/span><\/span><\/b><\/span><\/span><\/p>\n<p class=\"western\" align=\"justify\"><span style=\"font-size: small;\"><span lang=\"ca-ES\"><span style=\"vertical-align: inherit;\"><span style=\"vertical-align: inherit;\">La informaci\u00f3n contenida en estas p\u00e1ginas es la vigente en la fecha de la \u00faltima actualizaci\u00f3n.<\/span><\/span><\/span><\/span><\/p>\n<p class=\"western\" align=\"justify\"><span style=\"font-size: small;\"><span lang=\"ca-ES\"><span style=\"vertical-align: inherit;\"><span style=\"vertical-align: inherit;\">Estas condiciones son las vigentes desde la fecha de su \u00faltima actualizaci\u00f3n. <\/span><\/span><\/span><\/span><span style=\"font-size: small;\"><span lang=\"ca-ES\"><b><span style=\"vertical-align: inherit;\"><span style=\"vertical-align: inherit;\">COECO<\/span><\/span><\/b><\/span><\/span><span style=\"font-size: small;\"><span lang=\"ca-ES\"><span style=\"vertical-align: inherit;\"><span style=\"vertical-align: inherit;\"> se reserva el derecho de modificarlas en cualquier momento y, en este caso, entrar\u00e1n en vigor en el momento en que se publiquen y se aplicar\u00e1n a todos los usuarios del portal desde esa fecha.<\/span><\/span><\/span><\/span><\/p>\n<p class=\"western\" align=\"justify\"><span style=\"font-size: small;\"><span lang=\"ca-ES\"><span style=\"vertical-align: inherit;\"><span style=\"vertical-align: inherit;\">Los contenidos del portal, especialmente las referencias informativas y publicitarias, salvo que expresamente se indique lo contrario, no constituyen una oferta vinculante. <\/span><\/span><\/span><\/span><span style=\"font-size: small;\"><span lang=\"ca-ES\"><b><span style=\"vertical-align: inherit;\"><span style=\"vertical-align: inherit;\">COECO<\/span><\/span><\/b><\/span><\/span><span style=\"font-size: small;\"><span lang=\"ca-ES\"><span style=\"vertical-align: inherit;\"><span style=\"vertical-align: inherit;\"> se reserva el derecho de introducir modificaciones y de omitir parcial o totalmente los contenidos actuales del portal de <\/span><\/span><\/span><\/span><span style=\"font-size: small;\"><span lang=\"ca-ES\"><b><span style=\"vertical-align: inherit;\"><span style=\"vertical-align: inherit;\">COECO<\/span><\/span><\/b><\/span><\/span><span style=\"font-size: small;\"><span lang=\"ca-ES\"><span style=\"vertical-align: inherit;\"><span style=\"vertical-align: inherit;\"> cuando lo considere oportuno, as\u00ed como de impedir o restringir su acceso de forma temporal o permanente.<\/span><\/span><\/span><\/span><\/p>\n<p class=\"western\" align=\"justify\"><span style=\"font-size: small;\"><span lang=\"ca-ES\"><b><span style=\"vertical-align: inherit;\"><span style=\"vertical-align: inherit;\">Pol\u00edtica de privacidad y protecci\u00f3n de datos<\/span><\/span><\/b><\/span><\/span><\/p>\n<p class=\"western\" align=\"justify\"><span style=\"font-size: small;\"><span lang=\"ca-ES\"><b><span style=\"vertical-align: inherit;\"><span style=\"vertical-align: inherit;\">COECO<\/span><\/span><\/b><\/span><\/span><span style=\"font-size: small;\"><span lang=\"ca-ES\"><span style=\"vertical-align: inherit;\"><span style=\"vertical-align: inherit;\"> ha adoptado las medidas t\u00e9cnicas necesarias para mantener el nivel de seguridad requerido, seg\u00fan la naturaleza de los datos personales tratados y las circunstancias del tratamiento, a fin de evitarlos, en la medida de lo posible y siempre seg\u00fan el estado de la t\u00e9cnica, alteraci\u00f3n, p\u00e9rdida, tratamiento o acceso no autorizado.<\/span><\/span><\/span><\/span><\/p>\n<p class=\"western\" align=\"justify\"><span style=\"font-size: small;\"><span lang=\"ca-ES\"><span style=\"vertical-align: inherit;\"><span style=\"vertical-align: inherit;\">Cuando se pida que se rellene un formulario en el que se recojan datos de car\u00e1cter personal, se informar\u00e1 al cliente o usuario sobre el destinatario de la informaci\u00f3n, la finalidad para la que se recogen los datos, la identidad y la direcci\u00f3n del responsable del fichero; y la facultad del usuario de ejercer los derechos de acceso, rectificaci\u00f3n, cancelaci\u00f3n y oposici\u00f3n al tratamiento de sus datos. <\/span><span style=\"vertical-align: inherit;\">Los datos personales recogidos s\u00f3lo ser\u00e1n tratados y\/o cedidos con la finalidad expresada y siempre con el consentimiento del usuario o cliente.<\/span><\/span><\/span><\/span><\/p>\n<p class=\"western\" align=\"justify\"><span style=\"font-size: small;\"><span lang=\"ca-ES\"><span style=\"vertical-align: inherit;\"><span style=\"vertical-align: inherit;\">A fin de que la informaci\u00f3n contenida en nuestros ficheros siempre est\u00e9 actualizada y no contenga errores, pedimos a nuestros clientes y usuarios que nos comuniquen, lo antes posible, las modificaciones y rectificaciones de sus datos de car\u00e1cter personal.<\/span><\/span><\/span><\/span><\/p>\n<p class=\"western\" align=\"justify\"><span style=\"font-size: small;\"><span lang=\"ca-ES\"><b><span style=\"vertical-align: inherit;\"><span style=\"vertical-align: inherit;\">Propiedad intelectual e industrial<\/span><\/span><\/b><\/span><\/span><\/p>\n<p class=\"western\" align=\"justify\"><span style=\"font-size: small;\"><span lang=\"ca-ES\"><span style=\"vertical-align: inherit;\"><span style=\"vertical-align: inherit;\">El portal de <\/span><\/span><\/span><\/span><span style=\"font-size: small;\"><span lang=\"ca-ES\"><b><span style=\"vertical-align: inherit;\"><span style=\"vertical-align: inherit;\">COECO<\/span><\/span><\/b><\/span><\/span><span style=\"font-size: small;\"><span lang=\"ca-ES\"><span style=\"vertical-align: inherit;\"><span style=\"vertical-align: inherit;\"> , las p\u00e1ginas que la forman y la informaci\u00f3n o elementos que contienen estas p\u00e1ginas, incluyen textos, documentos, fotograf\u00edas, dibujos, representaciones gr\u00e1ficas, bases de datos, programas inform\u00e1ticos, as\u00ed como logotipos, marcas, nombres comerciales, o otros signos distintivos, protegidos por derechos de propiedad intelectual o industrial, de los que <\/span><\/span><\/span><\/span><span style=\"font-size: small;\"><span lang=\"ca-ES\"><b><span style=\"vertical-align: inherit;\"><span style=\"vertical-align: inherit;\">COECO<\/span><\/span><\/b><\/span><\/span><span style=\"font-size: small;\"><span lang=\"ca-ES\"><span style=\"vertical-align: inherit;\"><span style=\"vertical-align: inherit;\"> es el titular.<\/span><\/span><\/span><\/span><\/p>\n<p class=\"western\" align=\"justify\"><span style=\"font-size: small;\"><span lang=\"ca-ES\"><b><span style=\"vertical-align: inherit;\"><span style=\"vertical-align: inherit;\">COECO<\/span><\/span><\/b><\/span><\/span><span style=\"font-size: small;\"><span lang=\"ca-ES\"><span style=\"vertical-align: inherit;\"><span style=\"vertical-align: inherit;\"> no otorga ninguna garant\u00eda sobre la licitud y legalidad de la informaci\u00f3n o de los elementos contenidos en las p\u00e1ginas del portal de <\/span><\/span><\/span><\/span><span style=\"font-size: small;\"><span lang=\"ca-ES\"><b><span style=\"vertical-align: inherit;\"><span style=\"vertical-align: inherit;\">COECO<\/span><\/span><\/b><\/span><\/span><span style=\"font-size: small;\"><span lang=\"ca-ES\"><span style=\"vertical-align: inherit;\"><span style=\"vertical-align: inherit;\"> cuando su titularidad no corresponda a <\/span><\/span><\/span><\/span><span style=\"font-size: small;\"><span lang=\"ca-ES\"><b><span style=\"vertical-align: inherit;\"><span style=\"vertical-align: inherit;\">COECO<\/span><\/span><\/b><\/span><\/span><span style=\"font-size: small;\"><span lang=\"ca-ES\"><span style=\"vertical-align: inherit;\"><span style=\"vertical-align: inherit;\"> .<\/span><\/span><\/span><\/span><\/p>\n<p class=\"western\" align=\"justify\"><span style=\"font-size: small;\"><span lang=\"ca-ES\"><b><span style=\"vertical-align: inherit;\"><span style=\"vertical-align: inherit;\">Responsabilidades<\/span><\/span><\/b><\/span><\/span><\/p>\n<p class=\"western\" align=\"justify\"><span style=\"font-size: small;\"><span lang=\"ca-ES\"><b><span style=\"vertical-align: inherit;\"><span style=\"vertical-align: inherit;\">COECO<\/span><\/span><\/b><\/span><\/span><span style=\"font-size: small;\"><span lang=\"ca-ES\"><span style=\"vertical-align: inherit;\"><span style=\"vertical-align: inherit;\"> no garantiza el acceso continuado, ni la correcta visualizaci\u00f3n, descarga o utilidad de los elementos y la informaci\u00f3n contenida en las p\u00e1ginas del portal de <\/span><\/span><\/span><\/span><span style=\"font-size: small;\"><span lang=\"ca-ES\"><b><span style=\"vertical-align: inherit;\"><span style=\"vertical-align: inherit;\">COECO<\/span><\/span><\/b><\/span><\/span><span style=\"font-size: small;\"><span lang=\"ca-ES\"><span style=\"vertical-align: inherit;\"><span style=\"vertical-align: inherit;\"> .<\/span><\/span><\/span><\/span><\/p>\n<p class=\"western\" align=\"justify\"><span style=\"font-size: small;\"><span lang=\"ca-ES\"><b><span style=\"vertical-align: inherit;\"><span style=\"vertical-align: inherit;\">COECO<\/span><\/span><\/b><\/span><\/span><span style=\"font-size: small;\"><span lang=\"ca-ES\"><span style=\"vertical-align: inherit;\"><span style=\"vertical-align: inherit;\"> no es responsable de la informaci\u00f3n ni del resto de contenidos integrados en los espacios o p\u00e1ginas web de terceros accesibles desde el portal de <\/span><\/span><\/span><\/span><span style=\"font-size: small;\"><span lang=\"ca-ES\"><b><span style=\"vertical-align: inherit;\"><span style=\"vertical-align: inherit;\">COECO<\/span><\/span><\/b><\/span><\/span><span style=\"font-size: small;\"><span lang=\"ca-ES\"><span style=\"vertical-align: inherit;\"><span style=\"vertical-align: inherit;\"> mediante enlaces, ni de la informaci\u00f3n y otros contenidos integrados en espacios o p\u00e1ginas de terceros desde los que se acceda mediante enlaces, en el portal de <\/span><\/span><\/span><\/span><span style=\"font-size: small;\"><span lang=\"ca-ES\"><b><span style=\"vertical-align: inherit;\"><span style=\"vertical-align: inherit;\">COECO<\/span><\/span><\/b><\/span><\/span><span style=\"font-size: small;\"><span lang=\"ca-ES\"><span style=\"vertical-align: inherit;\"><span style=\"vertical-align: inherit;\"> o en cualquiera de sus p\u00e1ginas web, ni de la informaci\u00f3n ni los contenidos de cualquier p\u00e1gina web de terceros que se presente bajo la apariencia o signos distintivos de <\/span><\/span><\/span><\/span><span style=\"font-size: small;\"><span lang=\"ca-ES\"><b><span style=\"vertical-align: inherit;\"><span style=\"vertical-align: inherit;\">COECO<\/span><\/span><\/b><\/span><\/span><span style=\"font-size: small;\"><span lang=\"ca-ES\"><span style=\"vertical-align: inherit;\"><span style=\"vertical-align: inherit;\"> , salvo que \u00e9sta lo autorice expresamente.<\/span><\/span><\/span><\/span><\/p>\n<p class=\"western\" align=\"justify\"><a name=\"_GoBack\"><\/a> <span style=\"font-size: small;\"><span lang=\"ca-ES\"><b><span style=\"vertical-align: inherit;\"><span style=\"vertical-align: inherit;\">COECO<\/span><\/span><\/b><\/span><\/span><span style=\"font-size: small;\"><span lang=\"ca-ES\"><span style=\"vertical-align: inherit;\"><span style=\"vertical-align: inherit;\"> no asume ninguna responsabilidad en relaci\u00f3n con la informaci\u00f3n, contenidos de cualquier tipo, productos y servicios ofertados o prestados a trav\u00e9s del portal de <\/span><\/span><\/span><\/span><span style=\"font-size: small;\"><span lang=\"ca-ES\"><b><span style=\"vertical-align: inherit;\"><span style=\"vertical-align: inherit;\">COECO<\/span><\/span><\/b><\/span><\/span><span style=\"font-size: small;\"><span lang=\"ca-ES\"><span style=\"vertical-align: inherit;\"><span style=\"vertical-align: inherit;\"> por terceras personas o entidades, aunque pertenezcan al mismo grupo, y, especialmente, por los da\u00f1os y perjuicios de cualquier tipo que, vinculados con lo anteriormente citado, pueden producirse por:<\/span><\/span><\/span><\/span><\/p>\n<ul>\n<li>\n<p align=\"justify\"><span style=\"font-size: small;\"><span lang=\"ca-ES\"><span style=\"vertical-align: inherit;\"><span style=\"vertical-align: inherit;\">Ausencia o deficiencias en la informaci\u00f3n facilitada a los usuarios o en su veracidad, exactitud y suficiencia.<\/span><\/span><\/span><\/span><\/p>\n<\/li>\n<li>\n<p align=\"justify\"><span style=\"font-size: small;\"><span lang=\"ca-ES\"><span style=\"vertical-align: inherit;\"><span style=\"vertical-align: inherit;\">Incumplimiento defectuoso o impuntual de los contratos o relaciones precontractuales.<\/span><\/span><\/span><\/span><\/p>\n<\/li>\n<li>\n<p align=\"justify\"><span style=\"font-size: small;\"><span lang=\"ca-ES\"><span style=\"vertical-align: inherit;\"><span style=\"vertical-align: inherit;\">Incumplimiento de las obligaciones que incumben a los prestadores de servicios de la sociedad de la informaci\u00f3n.<\/span><\/span><\/span><\/span><\/p>\n<\/li>\n<li>\n<p align=\"justify\"><span style=\"font-size: small;\"><span lang=\"ca-ES\"><span style=\"vertical-align: inherit;\"><span style=\"vertical-align: inherit;\">Infracci\u00f3n de los derechos de los consumidores y usuarios.<\/span><\/span><\/span><\/span><\/p>\n<\/li>\n<li>\n<p align=\"justify\"><span style=\"font-size: small;\"><span lang=\"ca-ES\"><span style=\"vertical-align: inherit;\"><span style=\"vertical-align: inherit;\">Infracci\u00f3n de los derechos de propiedad intelectual e industrial; <\/span><span style=\"vertical-align: inherit;\">realizaci\u00f3n de actos de competencia desleal o de publicidad il\u00edcita.<\/span><\/span><\/span><\/span><\/p>\n<\/li>\n<li>\n<p align=\"justify\"><span style=\"font-size: small;\"><span lang=\"ca-ES\"><span style=\"vertical-align: inherit;\"><span style=\"vertical-align: inherit;\">Infracci\u00f3n del derecho de protecci\u00f3n de datos; <\/span><span style=\"vertical-align: inherit;\">del secreto profesional y de los derechos al honor, a la intimidad personal y familiar, ya la imagen de las personas.<\/span><\/span><\/span><\/span><\/p>\n<\/li>\n<li>\n<p align=\"justify\"><span style=\"font-size: small;\"><span lang=\"ca-ES\"><span style=\"vertical-align: inherit;\"><span style=\"vertical-align: inherit;\">Por lo general, el incumplimiento de cualesquiera leyes, costumbres o c\u00f3digos de conducta que sean de aplicaci\u00f3n.<\/span><\/span><\/span><\/span><\/p>\n<\/li>\n<\/ul>\n<p class=\"western\" align=\"justify\"><span style=\"font-size: small;\"><span lang=\"ca-ES\"><b><span style=\"vertical-align: inherit;\"><span style=\"vertical-align: inherit;\">COECO<\/span><\/span><\/b><\/span><\/span><span style=\"font-size: small;\"><span lang=\"ca-ES\"><span style=\"vertical-align: inherit;\"><span style=\"vertical-align: inherit;\"> tampoco asume responsabilidad alguna por los da\u00f1os, perjuicios, p\u00e9rdidas, reclamaciones o gastos, producidos por:<\/span><\/span><\/span><\/span><\/p>\n<ul>\n<li>\n<p align=\"justify\"><span style=\"font-size: small;\"><span lang=\"ca-ES\"><span style=\"vertical-align: inherit;\"><span style=\"vertical-align: inherit;\">Interferencias, interrupciones, fallos, omisiones, aver\u00edas telef\u00f3nicas, retrasos, bloqueos o desconexiones en el funcionamiento del sistema electr\u00f3nico, motivadas por deficiencias, sobrecargas y fallos en las l\u00edneas y redes de telecomunicaciones, o por cualquier otra causa ajena al control de <\/span><\/span><\/span><\/span><span style=\"font-size: small;\"><span lang=\"ca-ES\"><b><span style=\"vertical-align: inherit;\"><span style=\"vertical-align: inherit;\">COECO<\/span><\/span><\/b><\/span><\/span><span style=\"font-size: small;\"><span lang=\"ca-ES\"><span style=\"vertical-align: inherit;\"><span style=\"vertical-align: inherit;\"> .<\/span><\/span><\/span><\/span><\/p>\n<\/li>\n<li>\n<p align=\"justify\"><span style=\"font-size: small;\"><span lang=\"ca-ES\"><span style=\"vertical-align: inherit;\"><span style=\"vertical-align: inherit;\">Intromisiones ileg\u00edtimas mediante el uso de programas malignos de cualquier tipo ya trav\u00e9s de cualquier medio de comunicaci\u00f3n, tales como virus inform\u00e1ticos o cualesquiera otros;<\/span><\/span><\/span><\/span><\/p>\n<\/li>\n<li>\n<p align=\"justify\"><span style=\"font-size: small;\"><span lang=\"ca-ES\"><span style=\"vertical-align: inherit;\"><span style=\"vertical-align: inherit;\">Uso indebido o inadecuado de las p\u00e1ginas web de <\/span><\/span><\/span><\/span><span style=\"font-size: small;\"><span lang=\"ca-ES\"><b><span style=\"vertical-align: inherit;\"><span style=\"vertical-align: inherit;\">COECO<\/span><\/span><\/b><\/span><\/span><span style=\"font-size: small;\"><span lang=\"ca-ES\"><span style=\"vertical-align: inherit;\"><span style=\"vertical-align: inherit;\"> .<\/span><\/span><\/span><\/span><\/p>\n<\/li>\n<li>\n<p align=\"justify\"><span style=\"font-size: small;\"><span lang=\"ca-ES\"><span style=\"vertical-align: inherit;\"><span style=\"vertical-align: inherit;\">Errores de seguridad o navegaci\u00f3n producidos por un mal funcionamiento del navegador o por el uso de versiones no actualizadas del navegador.<\/span><\/span><\/span><\/span><\/p>\n<\/li>\n<\/ul>\n<p><span lang=\"ca-ES\"><b><span style=\"vertical-align: inherit;\"><span style=\"vertical-align: inherit;\">COECO \u00a9<\/span><\/span><\/b><\/span><\/p>\n<p><span lang=\"ca-ES\"><span style=\"vertical-align: inherit;\"><span style=\"vertical-align: inherit;\">C\/ Pl. <\/span><span style=\"vertical-align: inherit;\">Vedruna, 1 1\u00ba-1\u00aa<\/span><\/span><\/span><\/p>\n<p><span lang=\"ca-ES\"><span style=\"vertical-align: inherit;\"><span style=\"vertical-align: inherit;\">25600 BALAGUER (Lleida)<\/span><\/span><\/span><\/p>\n<p><span lang=\"ca-ES\"><span style=\"vertical-align: inherit;\"><span style=\"vertical-align: inherit;\">www.coeco.coop<\/span><\/span><\/span><\/p>\n<p><span lang=\"ca-ES\"><span style=\"vertical-align: inherit;\"><span style=\"vertical-align: inherit;\">info@coeco.coop<\/span><\/span><\/span><\/p>\n<\/div>\n<\/div><div class=\"fusion-clearfix\"><\/div><\/div><\/div><\/div><\/div><style type=\"text\/css\">.fusion-fullwidth.fusion-builder-row-1 a:not(.fusion-button):not(.fusion-builder-module-control):not(.fusion-social-network-icon):not(.fb-icon-element):not(.fusion-countdown-link):not(.fusion-rollover-link):not(.fusion-rollover-gallery):not(.add_to_cart_button):not(.show_details_button):not(.product_type_external):not(.fusion-quick-view):not(.fusion-rollover-title-link) , .fusion-fullwidth.fusion-builder-row-1 a:not(.fusion-button):not(.fusion-builder-module-control):not(.fusion-social-network-icon):not(.fb-icon-element):not(.fusion-countdown-link):not(.fusion-rollover-link):not(.fusion-rollover-gallery):not(.add_to_cart_button):not(.show_details_button):not(.product_type_external):not(.fusion-quick-view):not(.fusion-rollover-title-link):before, .fusion-fullwidth.fusion-builder-row-1 a:not(.fusion-button):not(.fusion-builder-module-control):not(.fusion-social-network-icon):not(.fb-icon-element):not(.fusion-countdown-link):not(.fusion-rollover-link):not(.fusion-rollover-gallery):not(.add_to_cart_button):not(.show_details_button):not(.product_type_external):not(.fusion-quick-view):not(.fusion-rollover-title-link):after {color: #333333;}.fusion-fullwidth.fusion-builder-row-1 a:not(.fusion-button):not(.fusion-builder-module-control):not(.fusion-social-network-icon):not(.fb-icon-element):not(.fusion-countdown-link):not(.fusion-rollover-link):not(.fusion-rollover-gallery):not(.add_to_cart_button):not(.show_details_button):not(.product_type_external):not(.fusion-quick-view):not(.fusion-rollover-title-link):hover, .fusion-fullwidth.fusion-builder-row-1 a:not(.fusion-button):not(.fusion-builder-module-control):not(.fusion-social-network-icon):not(.fb-icon-element):not(.fusion-countdown-link):not(.fusion-rollover-link):not(.fusion-rollover-gallery):not(.add_to_cart_button):not(.show_details_button):not(.product_type_external):not(.fusion-quick-view):not(.fusion-rollover-title-link):hover:before, .fusion-fullwidth.fusion-builder-row-1 a:not(.fusion-button):not(.fusion-builder-module-control):not(.fusion-social-network-icon):not(.fb-icon-element):not(.fusion-countdown-link):not(.fusion-rollover-link):not(.fusion-rollover-gallery):not(.add_to_cart_button):not(.show_details_button):not(.product_type_external):not(.fusion-quick-view):not(.fusion-rollover-title-link):hover:after {color: #fac400;}.fusion-fullwidth.fusion-builder-row-1 .pagination a.inactive:hover, .fusion-fullwidth.fusion-builder-row-1 .fusion-filters .fusion-filter.fusion-active a {border-color: #fac400;}.fusion-fullwidth.fusion-builder-row-1 .pagination .current {border-color: #fac400; background-color: #fac400;}.fusion-fullwidth.fusion-builder-row-1 .fusion-filters .fusion-filter.fusion-active a, .fusion-fullwidth.fusion-builder-row-1 .fusion-date-and-formats .fusion-format-box, .fusion-fullwidth.fusion-builder-row-1 .fusion-popover, .fusion-fullwidth.fusion-builder-row-1 .tooltip-shortcode {color: #fac400;}#main .fusion-fullwidth.fusion-builder-row-1 .post .blog-shortcode-post-title a:hover {color: #fac400;}<\/style>\n","protected":false},"excerpt":{"rendered":"","protected":false},"author":1,"featured_media":0,"parent":0,"menu_order":0,"comment_status":"closed","ping_status":"open","template":"","meta":[],"_links":{"self":[{"href":"https:\/\/coeco.cat\/es\/wp-json\/wp\/v2\/pages\/2942"}],"collection":[{"href":"https:\/\/coeco.cat\/es\/wp-json\/wp\/v2\/pages"}],"about":[{"href":"https:\/\/coeco.cat\/es\/wp-json\/wp\/v2\/types\/page"}],"author":[{"embeddable":true,"href":"https:\/\/coeco.cat\/es\/wp-json\/wp\/v2\/users\/1"}],"replies":[{"embeddable":true,"href":"https:\/\/coeco.cat\/es\/wp-json\/wp\/v2\/comments?post=2942"}],"version-history":[{"count":4,"href":"https:\/\/coeco.cat\/es\/wp-json\/wp\/v2\/pages\/2942\/revisions"}],"predecessor-version":[{"id":2946,"href":"https:\/\/coeco.cat\/es\/wp-json\/wp\/v2\/pages\/2942\/revisions\/2946"}],"wp:attachment":[{"href":"https:\/\/coeco.cat\/es\/wp-json\/wp\/v2\/media?parent=2942"}],"curies":[{"name":"wp","href":"https:\/\/api.w.org\/{rel}","templated":true}]}}