{"id":2987,"date":"2021-04-23T10:53:07","date_gmt":"2021-04-23T10:53:07","guid":{"rendered":"https:\/\/coeco.cat\/politica-de-cookies\/"},"modified":"2021-10-26T15:11:03","modified_gmt":"2021-10-26T14:11:03","slug":"politica-de-cookies","status":"publish","type":"page","link":"https:\/\/coeco.cat\/es\/politica-de-cookies\/","title":{"rendered":"Pol\u00edtica de Cookies"},"content":{"rendered":"<div class=\"fusion-fullwidth fullwidth-box fusion-builder-row-1 nonhundred-percent-fullwidth non-hundred-percent-height-scrolling\"  style='background-color: rgba(255,255,255,0);background-position: center center;background-repeat: no-repeat;padding-top:0px;padding-right:0px;padding-bottom:0px;padding-left:0px;'><div class=\"fusion-builder-row fusion-row \"><div  class=\"fusion-layout-column fusion_builder_column fusion_builder_column_1_1 fusion-builder-column-0 fusion-one-full fusion-column-first fusion-column-last 1_1\"  style='margin-top:0px;margin-bottom:0px;'><div class=\"fusion-column-wrapper\" style=\"padding: 0px 0px 0px 0px;background-position:left top;background-repeat:no-repeat;-webkit-background-size:cover;-moz-background-size:cover;-o-background-size:cover;background-size:cover;\"   data-bg-url=\"\"><div class=\"fusion-text\"><div class=\"fusion-text\">\n<div style=\"text-align: justify;\">\n<h1 data-fontsize=\"50\" data-lineheight=\"0px\" class=\"fusion-responsive-typography-calculated\" style=\"--fontSize:50; line-height: 0;\">&nbsp;<\/h1>\n<p><font style=\"vertical-align: inherit;\"><font style=\"vertical-align: inherit;\">Esta p\u00e1gina web utiliza cookies para mejorar la experiencia del usuario. <\/font><font style=\"vertical-align: inherit;\">A continuaci\u00f3n, encontrar\u00e1 informaci\u00f3n sobre que son las cookies, qu\u00e9 tipo de cookies utiliza esta p\u00e1gina, c\u00f3mo puede desactivar las cookies en su navegador y c\u00f3mo desactivar espec\u00edficamente la instalaci\u00f3n de cookies de terceros. <\/font><font style=\"vertical-align: inherit;\">Si usted no encuentra la informaci\u00f3n espec\u00edfica que est\u00e1 buscando, por favor env\u00ede un correo a <\/font><\/font><b><font style=\"vertical-align: inherit;\"><font style=\"vertical-align: inherit;\">info@coeco.coop<\/font><\/font><\/b><font style=\"vertical-align: inherit;\"><font style=\"vertical-align: inherit;\"> .<\/font><\/font><\/p>\n<h3 data-fontsize=\"20\" data-lineheight=\"29px\" class=\"fusion-responsive-typography-calculated\" style=\"--fontSize:20; line-height: 1.45;\"><strong><font style=\"vertical-align: inherit;\"><font style=\"vertical-align: inherit;\">\u00bfQu\u00e9 son las cookies?<\/font><\/font><\/strong><\/h3>\n<p><font style=\"vertical-align: inherit;\"><font style=\"vertical-align: inherit;\">Las cookies son \u00fatiles por varios motivos. <\/font><font style=\"vertical-align: inherit;\">Desde un punto de vista t\u00e9cnico, permiten que las p\u00e1ginas web funcionen de forma m\u00e1s \u00e1gil y adaptada a sus preferencias, como almacenar su idioma o la moneda de su pa\u00eds. <\/font><font style=\"vertical-align: inherit;\">Adem\u00e1s, ayudan a los responsables de los sitios web a mejorar los servicios que ofrecen, gracias a la informaci\u00f3n estad\u00edstica que recogen a trav\u00e9s de ellas y sirven para hacer m\u00e1s eficiente la publicidad que podemos mostrarle.<\/font><\/font><\/p>\n<h3 data-fontsize=\"20\" data-lineheight=\"29px\" class=\"fusion-responsive-typography-calculated\" style=\"--fontSize:20; line-height: 1.45;\"><strong><font style=\"vertical-align: inherit;\"><font style=\"vertical-align: inherit;\">\u00bfQu\u00e9 uso le damos a los distintos tipos de cookies?<\/font><\/font><\/strong><\/h3>\n<p><strong><font style=\"vertical-align: inherit;\"><font style=\"vertical-align: inherit;\">Cookies de sesi\u00f3n:<\/font><\/font><\/strong><font style=\"vertical-align: inherit;\"><font style=\"vertical-align: inherit;\"> Las cookies de sesi\u00f3n son aquellas que duran el tiempo que el usuario est\u00e1 navegando por la p\u00e1gina web y se borran al finalizar.<\/font><\/font><\/p>\n<p><strong><font style=\"vertical-align: inherit;\"><font style=\"vertical-align: inherit;\">Cookies persistentes:<\/font><\/font><\/strong><font style=\"vertical-align: inherit;\"><font style=\"vertical-align: inherit;\"> Estas cookies quedan almacenadas en el terminal del usuario, por un tiempo m\u00e1s largo, facilitando as\u00ed el control de las preferencias escogidas sin tener que repetir ciertos par\u00e1metros cada vez que se visite el sitio web.<\/font><\/font><\/p>\n<p><strong><font style=\"vertical-align: inherit;\"><font style=\"vertical-align: inherit;\">Cookies propias:<\/font><\/font><\/strong><font style=\"vertical-align: inherit;\"><font style=\"vertical-align: inherit;\"> Son cookies creadas por el sitio web y que s\u00f3lo puede leer la propia p\u00e1gina. <\/font><font style=\"vertical-align: inherit;\">Por ejemplo: cookies t\u00e9cnicas por la carga de im\u00e1genes, cookies de personalizaci\u00f3n de par\u00e1metros de la web, cookies de an\u00e1lisis de tr\u00e1fico, etc.<\/font><\/font><\/p>\n<p><strong><font style=\"vertical-align: inherit;\"><font style=\"vertical-align: inherit;\">Cookies de terceros:<\/font><\/font><\/strong><font style=\"vertical-align: inherit;\"><font style=\"vertical-align: inherit;\"> Son cookies creadas por terceros y que utilizamos para diferentes servicios (por ej. An\u00e1lisis del sitio web o publicidad).<\/font><\/font><\/p>\n<p><font style=\"vertical-align: inherit;\"><font style=\"vertical-align: inherit;\">Seg\u00fan su finalidad:<\/font><\/font><\/p>\n<p><strong><font style=\"vertical-align: inherit;\"><font style=\"vertical-align: inherit;\">Cookies t\u00e9cnicas:<\/font><\/font><\/strong><font style=\"vertical-align: inherit;\"><font style=\"vertical-align: inherit;\"> Las cookies t\u00e9cnicas son aquellas imprescindibles y estrictamente necesarias para el correcto funcionamiento de un portal web y la utilizaci\u00f3n de las distintas opciones y servicios que ofrece. <\/font><font style=\"vertical-align: inherit;\">Por ejemplo, las que sirven para el mantenimiento de la sesi\u00f3n, gesti\u00f3n del tiempo de respuesta, rendimiento o validaci\u00f3n de opciones, utilizar elementos de seguridad, compartir contenido en redes sociales, etc.<\/font><\/font><\/p>\n<p><strong><font style=\"vertical-align: inherit;\"><font style=\"vertical-align: inherit;\">Cookies de personalizaci\u00f3n:<\/font><\/font><\/strong><font style=\"vertical-align: inherit;\"><font style=\"vertical-align: inherit;\"> Estas cookies permiten al usuario especificar o personalizar algunas caracter\u00edsticas de las opciones generales de la p\u00e1gina web, por ejemplo, definir el idioma, configuraci\u00f3n regional o tipos de navegador.<\/font><\/font><\/p>\n<p><strong><font style=\"vertical-align: inherit;\"><font style=\"vertical-align: inherit;\">Cookies anal\u00edticas:<\/font><\/font><\/strong><font style=\"vertical-align: inherit;\"><font style=\"vertical-align: inherit;\"> Las cookies anal\u00edticas son las utilizadas por nuestro portal web, para elaborar perfiles de navegaci\u00f3n y poder conocer las preferencias de los usuarios del mismo para mejorar la oferta de productos y servicios. <\/font><font style=\"vertical-align: inherit;\">Por ejemplo, mediante una cookie anal\u00edtica se controlar\u00edan las \u00e1reas geogr\u00e1ficas de mayor inter\u00e9s de un usuario, cu\u00e1l es el producto de mayor aceptaci\u00f3n, etc.<\/font><\/font><\/p>\n<p><strong><font style=\"vertical-align: inherit;\"><font style=\"vertical-align: inherit;\">Cookies publicitarias:<\/font><\/font><\/strong><font style=\"vertical-align: inherit;\"><font style=\"vertical-align: inherit;\"> Las cookies publicitarias permiten la gesti\u00f3n de los espacios publicitarios en base a criterios concretos. <\/font><font style=\"vertical-align: inherit;\">Por ejemplo la frecuencia de acceso, el contenido editado, etc. Las cookies de publicidad permiten a trav\u00e9s de la gesti\u00f3n de la publicidad almacenar informaci\u00f3n del comportamiento a trav\u00e9s de la observaci\u00f3n de h\u00e1bitos, estudiando los accesos y formando un perfil de preferencias del usuario, para ofrecerle publicidad relacionada con los intereses de su perfil.<\/font><\/font><\/p>\n<\/div>\n<\/div>\n<\/div><div class=\"fusion-clearfix\"><\/div><\/div><\/div><\/div><\/div>\n","protected":false},"excerpt":{"rendered":"","protected":false},"author":1,"featured_media":0,"parent":0,"menu_order":0,"comment_status":"closed","ping_status":"closed","template":"","meta":[],"_links":{"self":[{"href":"https:\/\/coeco.cat\/es\/wp-json\/wp\/v2\/pages\/2987"}],"collection":[{"href":"https:\/\/coeco.cat\/es\/wp-json\/wp\/v2\/pages"}],"about":[{"href":"https:\/\/coeco.cat\/es\/wp-json\/wp\/v2\/types\/page"}],"author":[{"embeddable":true,"href":"https:\/\/coeco.cat\/es\/wp-json\/wp\/v2\/users\/1"}],"replies":[{"embeddable":true,"href":"https:\/\/coeco.cat\/es\/wp-json\/wp\/v2\/comments?post=2987"}],"version-history":[{"count":2,"href":"https:\/\/coeco.cat\/es\/wp-json\/wp\/v2\/pages\/2987\/revisions"}],"predecessor-version":[{"id":2989,"href":"https:\/\/coeco.cat\/es\/wp-json\/wp\/v2\/pages\/2987\/revisions\/2989"}],"wp:attachment":[{"href":"https:\/\/coeco.cat\/es\/wp-json\/wp\/v2\/media?parent=2987"}],"curies":[{"name":"wp","href":"https:\/\/api.w.org\/{rel}","templated":true}]}}